{"id":2500273,"date":"2023-07-25T17:49:18","date_gmt":"2023-07-25T15:49:18","guid":{"rendered":"https:\/\/www.segond-immobilier.com\/tous-nos-biens\/lumineux-et-agreable-4-pieces-vue-ville-et-echappee-mer\/"},"modified":"2026-05-03T18:17:33","modified_gmt":"2026-05-03T16:17:33","slug":"lumineux-et-agreable-4-pieces-vue-ville-et-echappee-mer","status":"publish","type":"product","link":"https:\/\/www.segond-immobilier.com\/en\/tous-nos-biens\/lumineux-et-agreable-4-pieces-vue-ville-et-echappee-mer\/","title":{"rendered":"Lumineux et agr\u00e9able 4 pi\u00e8ces vue Ville et \u00e9chapp\u00e9e Mer"},"content":{"rendered":"<p>Rare et spacieux 4 pi\u00e8ces traversant situ\u00e9 dans la R\u00e9sidence &#8220;Le Millenium&#8221; avec Concierge.<\/p>\n<p>Composition : entr\u00e9e, placards, s\u00e9jour, cuisine s\u00e9par\u00e9e \u00e9quip\u00e9e, 3 chambres, une salle de bains compl\u00e8te avec baignoire et douche communicante, toilette invit\u00e9s, dressing, une salle de bains compl\u00e8te, terrasse.<\/p>\n<p>Parking et cave inclus.<\/p>\n","protected":false},"excerpt":{"rendered":"<p>Rare et spacieux 4 pi\u00e8ces traversant situ\u00e9 dans la R\u00e9sidence &#8220;Le Millenium&#8221; avec Concierge. Composition : entr\u00e9e, placards, s\u00e9jour, cuisine s\u00e9par\u00e9e \u00e9quip\u00e9e, 3 chambres, une salle de bains compl\u00e8te avec baignoire et douche communicante, toilette invit\u00e9s, dressing, une salle de<span class=\"excerpt-hellip\"> [\u2026]<\/span><\/p>\n","protected":false},"featured_media":2529359,"comment_status":"open","ping_status":"closed","template":"","meta":{"_acf_changed":false},"chambre":[28,354],"localisations":[341],"parking":[],"quartiers":[342],"salle-de-bain":[],"statut":[274],"superficie":[492],"type-de-propriete":[251],"product_cat":[275],"product_tag":[],"class_list":["post-2500273","product","type-product","status-publish","has-post-thumbnail","hentry","chambre-28","chambre-3-en","localisations-9-boulevard-charles-iii-en","quartiers-fontvieille-en","statut-rental","superficie-178-3","type-de-propriete-apartment","product_cat-rental"],"acf":[],"yoast_head":"<!-- This site is optimized with the Yoast SEO plugin v27.5 - https:\/\/yoast.com\/product\/yoast-seo-wordpress\/ -->\n<title>Lumineux et agr\u00e9able 4 pi\u00e8ces vue Ville et \u00e9chapp\u00e9e Mer - SEGOND IMMOBILIER<\/title>\n<meta name=\"robots\" content=\"index, follow, max-snippet:-1, max-image-preview:large, max-video-preview:-1\" \/>\n<link rel=\"canonical\" href=\"https:\/\/www.segond-immobilier.com\/en\/tous-nos-biens\/lumineux-et-agreable-4-pieces-vue-ville-et-echappee-mer\/\" \/>\n<meta property=\"og:locale\" content=\"en_US\" \/>\n<meta property=\"og:type\" content=\"article\" \/>\n<meta property=\"og:title\" content=\"Lumineux et agr\u00e9able 4 pi\u00e8ces vue Ville et \u00e9chapp\u00e9e Mer - SEGOND IMMOBILIER\" \/>\n<meta property=\"og:description\" content=\"Rare et spacieux 4 pi\u00e8ces traversant situ\u00e9 dans la R\u00e9sidence &#8220;Le Millenium&#8221; avec Concierge. Composition : entr\u00e9e, placards, s\u00e9jour, cuisine s\u00e9par\u00e9e \u00e9quip\u00e9e, 3 chambres, une salle de bains compl\u00e8te avec baignoire et douche communicante, toilette invit\u00e9s, dressing, une salle de [\u2026]\" \/>\n<meta property=\"og:url\" content=\"https:\/\/www.segond-immobilier.com\/en\/tous-nos-biens\/lumineux-et-agreable-4-pieces-vue-ville-et-echappee-mer\/\" \/>\n<meta property=\"og:site_name\" content=\"SEGOND IMMOBILIER\" \/>\n<meta property=\"article:modified_time\" content=\"2026-05-03T16:17:33+00:00\" \/>\n<meta property=\"og:image\" content=\"https:\/\/www.segond-immobilier.com\/wp-content\/uploads\/2023\/07\/4a9609bec66354821f5563c557233a64_918b62ad82_1024-original-2512107-0-1.jpg\" \/>\n\t<meta property=\"og:image:width\" content=\"1024\" \/>\n\t<meta property=\"og:image:height\" content=\"768\" \/>\n\t<meta property=\"og:image:type\" content=\"image\/jpeg\" \/>\n<meta name=\"twitter:card\" content=\"summary_large_image\" \/>\n<script type=\"application\/ld+json\" class=\"yoast-schema-graph\">{\"@context\":\"https:\\\/\\\/schema.org\",\"@graph\":[{\"@type\":\"WebPage\",\"@id\":\"https:\\\/\\\/www.segond-immobilier.com\\\/en\\\/tous-nos-biens\\\/lumineux-et-agreable-4-pieces-vue-ville-et-echappee-mer\\\/\",\"url\":\"https:\\\/\\\/www.segond-immobilier.com\\\/en\\\/tous-nos-biens\\\/lumineux-et-agreable-4-pieces-vue-ville-et-echappee-mer\\\/\",\"name\":\"Lumineux et agr\u00e9able 4 pi\u00e8ces vue Ville et \u00e9chapp\u00e9e Mer - SEGOND IMMOBILIER\",\"isPartOf\":{\"@id\":\"https:\\\/\\\/www.segond-immobilier.com\\\/#website\"},\"primaryImageOfPage\":{\"@id\":\"https:\\\/\\\/www.segond-immobilier.com\\\/en\\\/tous-nos-biens\\\/lumineux-et-agreable-4-pieces-vue-ville-et-echappee-mer\\\/#primaryimage\"},\"image\":{\"@id\":\"https:\\\/\\\/www.segond-immobilier.com\\\/en\\\/tous-nos-biens\\\/lumineux-et-agreable-4-pieces-vue-ville-et-echappee-mer\\\/#primaryimage\"},\"thumbnailUrl\":\"https:\\\/\\\/www.segond-immobilier.com\\\/wp-content\\\/uploads\\\/2023\\\/07\\\/4a9609bec66354821f5563c557233a64_918b62ad82_1024-original-2512107-0-1.jpg\",\"datePublished\":\"2023-07-25T15:49:18+00:00\",\"dateModified\":\"2026-05-03T16:17:33+00:00\",\"breadcrumb\":{\"@id\":\"https:\\\/\\\/www.segond-immobilier.com\\\/en\\\/tous-nos-biens\\\/lumineux-et-agreable-4-pieces-vue-ville-et-echappee-mer\\\/#breadcrumb\"},\"inLanguage\":\"en-US\",\"potentialAction\":[{\"@type\":\"ReadAction\",\"target\":[\"https:\\\/\\\/www.segond-immobilier.com\\\/en\\\/tous-nos-biens\\\/lumineux-et-agreable-4-pieces-vue-ville-et-echappee-mer\\\/\"]}]},{\"@type\":\"ImageObject\",\"inLanguage\":\"en-US\",\"@id\":\"https:\\\/\\\/www.segond-immobilier.com\\\/en\\\/tous-nos-biens\\\/lumineux-et-agreable-4-pieces-vue-ville-et-echappee-mer\\\/#primaryimage\",\"url\":\"https:\\\/\\\/www.segond-immobilier.com\\\/wp-content\\\/uploads\\\/2023\\\/07\\\/4a9609bec66354821f5563c557233a64_918b62ad82_1024-original-2512107-0-1.jpg\",\"contentUrl\":\"https:\\\/\\\/www.segond-immobilier.com\\\/wp-content\\\/uploads\\\/2023\\\/07\\\/4a9609bec66354821f5563c557233a64_918b62ad82_1024-original-2512107-0-1.jpg\",\"width\":1024,\"height\":768},{\"@type\":\"BreadcrumbList\",\"@id\":\"https:\\\/\\\/www.segond-immobilier.com\\\/en\\\/tous-nos-biens\\\/lumineux-et-agreable-4-pieces-vue-ville-et-echappee-mer\\\/#breadcrumb\",\"itemListElement\":[{\"@type\":\"ListItem\",\"position\":1,\"name\":\"Accueil\",\"item\":\"https:\\\/\\\/www.segond-immobilier.com\\\/\"},{\"@type\":\"ListItem\",\"position\":2,\"name\":\"Our properties\",\"item\":\"https:\\\/\\\/www.segond-immobilier.com\\\/our-properties\\\/?lang=en\"},{\"@type\":\"ListItem\",\"position\":3,\"name\":\"Lumineux et agr\u00e9able 4 pi\u00e8ces vue Ville et \u00e9chapp\u00e9e Mer\"}]},{\"@type\":\"WebSite\",\"@id\":\"https:\\\/\\\/www.segond-immobilier.com\\\/#website\",\"url\":\"https:\\\/\\\/www.segond-immobilier.com\\\/\",\"name\":\"www.segond-immobilier.com\",\"description\":\"\",\"publisher\":{\"@id\":\"https:\\\/\\\/www.segond-immobilier.com\\\/#organization\"},\"potentialAction\":[{\"@type\":\"SearchAction\",\"target\":{\"@type\":\"EntryPoint\",\"urlTemplate\":\"https:\\\/\\\/www.segond-immobilier.com\\\/?s={search_term_string}\"},\"query-input\":{\"@type\":\"PropertyValueSpecification\",\"valueRequired\":true,\"valueName\":\"search_term_string\"}}],\"inLanguage\":\"en-US\"},{\"@type\":\"Organization\",\"@id\":\"https:\\\/\\\/www.segond-immobilier.com\\\/#organization\",\"name\":\"Groupe Segond Immobilier\",\"url\":\"https:\\\/\\\/www.segond-immobilier.com\\\/\",\"logo\":{\"@type\":\"ImageObject\",\"inLanguage\":\"en-US\",\"@id\":\"https:\\\/\\\/www.segond-immobilier.com\\\/#\\\/schema\\\/logo\\\/image\\\/\",\"url\":\"https:\\\/\\\/www.segond-immobilier.com\\\/wp-content\\\/uploads\\\/2023\\\/11\\\/logo-groupe-segond-immobilier-mail.png\",\"contentUrl\":\"https:\\\/\\\/www.segond-immobilier.com\\\/wp-content\\\/uploads\\\/2023\\\/11\\\/logo-groupe-segond-immobilier-mail.png\",\"width\":200,\"height\":49,\"caption\":\"Groupe Segond Immobilier\"},\"image\":{\"@id\":\"https:\\\/\\\/www.segond-immobilier.com\\\/#\\\/schema\\\/logo\\\/image\\\/\"}}]}<\/script>\n<!-- \/ Yoast SEO plugin. -->","yoast_head_json":{"title":"Lumineux et agr\u00e9able 4 pi\u00e8ces vue Ville et \u00e9chapp\u00e9e Mer - SEGOND IMMOBILIER","robots":{"index":"index","follow":"follow","max-snippet":"max-snippet:-1","max-image-preview":"max-image-preview:large","max-video-preview":"max-video-preview:-1"},"canonical":"https:\/\/www.segond-immobilier.com\/en\/tous-nos-biens\/lumineux-et-agreable-4-pieces-vue-ville-et-echappee-mer\/","og_locale":"en_US","og_type":"article","og_title":"Lumineux et agr\u00e9able 4 pi\u00e8ces vue Ville et \u00e9chapp\u00e9e Mer - SEGOND IMMOBILIER","og_description":"Rare et spacieux 4 pi\u00e8ces traversant situ\u00e9 dans la R\u00e9sidence &#8220;Le Millenium&#8221; avec Concierge. Composition : entr\u00e9e, placards, s\u00e9jour, cuisine s\u00e9par\u00e9e \u00e9quip\u00e9e, 3 chambres, une salle de bains compl\u00e8te avec baignoire et douche communicante, toilette invit\u00e9s, dressing, une salle de [\u2026]","og_url":"https:\/\/www.segond-immobilier.com\/en\/tous-nos-biens\/lumineux-et-agreable-4-pieces-vue-ville-et-echappee-mer\/","og_site_name":"SEGOND IMMOBILIER","article_modified_time":"2026-05-03T16:17:33+00:00","og_image":[{"width":1024,"height":768,"url":"https:\/\/www.segond-immobilier.com\/wp-content\/uploads\/2023\/07\/4a9609bec66354821f5563c557233a64_918b62ad82_1024-original-2512107-0-1.jpg","type":"image\/jpeg"}],"twitter_card":"summary_large_image","schema":{"@context":"https:\/\/schema.org","@graph":[{"@type":"WebPage","@id":"https:\/\/www.segond-immobilier.com\/en\/tous-nos-biens\/lumineux-et-agreable-4-pieces-vue-ville-et-echappee-mer\/","url":"https:\/\/www.segond-immobilier.com\/en\/tous-nos-biens\/lumineux-et-agreable-4-pieces-vue-ville-et-echappee-mer\/","name":"Lumineux et agr\u00e9able 4 pi\u00e8ces vue Ville et \u00e9chapp\u00e9e Mer - SEGOND IMMOBILIER","isPartOf":{"@id":"https:\/\/www.segond-immobilier.com\/#website"},"primaryImageOfPage":{"@id":"https:\/\/www.segond-immobilier.com\/en\/tous-nos-biens\/lumineux-et-agreable-4-pieces-vue-ville-et-echappee-mer\/#primaryimage"},"image":{"@id":"https:\/\/www.segond-immobilier.com\/en\/tous-nos-biens\/lumineux-et-agreable-4-pieces-vue-ville-et-echappee-mer\/#primaryimage"},"thumbnailUrl":"https:\/\/www.segond-immobilier.com\/wp-content\/uploads\/2023\/07\/4a9609bec66354821f5563c557233a64_918b62ad82_1024-original-2512107-0-1.jpg","datePublished":"2023-07-25T15:49:18+00:00","dateModified":"2026-05-03T16:17:33+00:00","breadcrumb":{"@id":"https:\/\/www.segond-immobilier.com\/en\/tous-nos-biens\/lumineux-et-agreable-4-pieces-vue-ville-et-echappee-mer\/#breadcrumb"},"inLanguage":"en-US","potentialAction":[{"@type":"ReadAction","target":["https:\/\/www.segond-immobilier.com\/en\/tous-nos-biens\/lumineux-et-agreable-4-pieces-vue-ville-et-echappee-mer\/"]}]},{"@type":"ImageObject","inLanguage":"en-US","@id":"https:\/\/www.segond-immobilier.com\/en\/tous-nos-biens\/lumineux-et-agreable-4-pieces-vue-ville-et-echappee-mer\/#primaryimage","url":"https:\/\/www.segond-immobilier.com\/wp-content\/uploads\/2023\/07\/4a9609bec66354821f5563c557233a64_918b62ad82_1024-original-2512107-0-1.jpg","contentUrl":"https:\/\/www.segond-immobilier.com\/wp-content\/uploads\/2023\/07\/4a9609bec66354821f5563c557233a64_918b62ad82_1024-original-2512107-0-1.jpg","width":1024,"height":768},{"@type":"BreadcrumbList","@id":"https:\/\/www.segond-immobilier.com\/en\/tous-nos-biens\/lumineux-et-agreable-4-pieces-vue-ville-et-echappee-mer\/#breadcrumb","itemListElement":[{"@type":"ListItem","position":1,"name":"Accueil","item":"https:\/\/www.segond-immobilier.com\/"},{"@type":"ListItem","position":2,"name":"Our properties","item":"https:\/\/www.segond-immobilier.com\/our-properties\/?lang=en"},{"@type":"ListItem","position":3,"name":"Lumineux et agr\u00e9able 4 pi\u00e8ces vue Ville et \u00e9chapp\u00e9e Mer"}]},{"@type":"WebSite","@id":"https:\/\/www.segond-immobilier.com\/#website","url":"https:\/\/www.segond-immobilier.com\/","name":"www.segond-immobilier.com","description":"","publisher":{"@id":"https:\/\/www.segond-immobilier.com\/#organization"},"potentialAction":[{"@type":"SearchAction","target":{"@type":"EntryPoint","urlTemplate":"https:\/\/www.segond-immobilier.com\/?s={search_term_string}"},"query-input":{"@type":"PropertyValueSpecification","valueRequired":true,"valueName":"search_term_string"}}],"inLanguage":"en-US"},{"@type":"Organization","@id":"https:\/\/www.segond-immobilier.com\/#organization","name":"Groupe Segond Immobilier","url":"https:\/\/www.segond-immobilier.com\/","logo":{"@type":"ImageObject","inLanguage":"en-US","@id":"https:\/\/www.segond-immobilier.com\/#\/schema\/logo\/image\/","url":"https:\/\/www.segond-immobilier.com\/wp-content\/uploads\/2023\/11\/logo-groupe-segond-immobilier-mail.png","contentUrl":"https:\/\/www.segond-immobilier.com\/wp-content\/uploads\/2023\/11\/logo-groupe-segond-immobilier-mail.png","width":200,"height":49,"caption":"Groupe Segond Immobilier"},"image":{"@id":"https:\/\/www.segond-immobilier.com\/#\/schema\/logo\/image\/"}}]}},"_links":{"self":[{"href":"https:\/\/www.segond-immobilier.com\/en\/wp-json\/wp\/v2\/product\/2500273","targetHints":{"allow":["GET"]}}],"collection":[{"href":"https:\/\/www.segond-immobilier.com\/en\/wp-json\/wp\/v2\/product"}],"about":[{"href":"https:\/\/www.segond-immobilier.com\/en\/wp-json\/wp\/v2\/types\/product"}],"replies":[{"embeddable":true,"href":"https:\/\/www.segond-immobilier.com\/en\/wp-json\/wp\/v2\/comments?post=2500273"}],"wp:featuredmedia":[{"embeddable":true,"href":"https:\/\/www.segond-immobilier.com\/en\/wp-json\/wp\/v2\/media\/2529359"}],"wp:attachment":[{"href":"https:\/\/www.segond-immobilier.com\/en\/wp-json\/wp\/v2\/media?parent=2500273"}],"wp:term":[{"taxonomy":"chambre","embeddable":true,"href":"https:\/\/www.segond-immobilier.com\/en\/wp-json\/wp\/v2\/chambre?post=2500273"},{"taxonomy":"localisations","embeddable":true,"href":"https:\/\/www.segond-immobilier.com\/en\/wp-json\/wp\/v2\/localisations?post=2500273"},{"taxonomy":"parking","embeddable":true,"href":"https:\/\/www.segond-immobilier.com\/en\/wp-json\/wp\/v2\/parking?post=2500273"},{"taxonomy":"quartiers","embeddable":true,"href":"https:\/\/www.segond-immobilier.com\/en\/wp-json\/wp\/v2\/quartiers?post=2500273"},{"taxonomy":"salle-de-bain","embeddable":true,"href":"https:\/\/www.segond-immobilier.com\/en\/wp-json\/wp\/v2\/salle-de-bain?post=2500273"},{"taxonomy":"statut","embeddable":true,"href":"https:\/\/www.segond-immobilier.com\/en\/wp-json\/wp\/v2\/statut?post=2500273"},{"taxonomy":"superficie","embeddable":true,"href":"https:\/\/www.segond-immobilier.com\/en\/wp-json\/wp\/v2\/superficie?post=2500273"},{"taxonomy":"type-de-propriete","embeddable":true,"href":"https:\/\/www.segond-immobilier.com\/en\/wp-json\/wp\/v2\/type-de-propriete?post=2500273"},{"taxonomy":"product_cat","embeddable":true,"href":"https:\/\/www.segond-immobilier.com\/en\/wp-json\/wp\/v2\/product_cat?post=2500273"},{"taxonomy":"product_tag","embeddable":true,"href":"https:\/\/www.segond-immobilier.com\/en\/wp-json\/wp\/v2\/product_tag?post=2500273"}],"curies":[{"name":"wp","href":"https:\/\/api.w.org\/{rel}","templated":true}]}}